{"id":15,"date":"2026-03-28T14:28:57","date_gmt":"2026-03-28T14:28:57","guid":{"rendered":"http:\/\/tfbank.dotit.fr\/?page_id=15"},"modified":"2026-04-06T08:48:55","modified_gmt":"2026-04-06T08:48:55","slug":"accueil","status":"publish","type":"page","link":"https:\/\/tfbank.dotit.fr\/","title":{"rendered":"page  d&#8217;acceuil"},"content":{"rendered":"\t\t<div data-elementor-type=\"wp-page\" data-elementor-id=\"15\" class=\"elementor elementor-15\">\n\t\t\t\t<div class=\"elementor-element elementor-element-d9908db e-con-full e-flex e-con e-parent\" data-id=\"d9908db\" data-element_type=\"container\" data-e-type=\"container\" data-settings=\"{&quot;background_background&quot;:&quot;classic&quot;}\">\n\t\t<div class=\"elementor-element elementor-element-2ade0cc e-con-full e-flex e-con e-child\" data-id=\"2ade0cc\" data-element_type=\"container\" data-e-type=\"container\">\n\t\t\t\t<div class=\"elementor-element elementor-element-33587ca elementor-absolute elementor-widget elementor-widget-text-editor\" data-id=\"33587ca\" data-element_type=\"widget\" data-e-type=\"widget\" data-settings=\"{&quot;_position&quot;:&quot;absolute&quot;}\" data-widget_type=\"text-editor.default\">\n\t\t\t\t\t\t\t\t\t<div style=\"position: relative; width: 100%; min-height: 300px; background- background-size: cover; background-position: center; display: flex; align-items: center; padding: 40px 30px; box-sizing: border-box;\"><div style=\"position: absolute; inset: 0;\">\u00a0<\/div><p><!-- Contenu --><\/p><div style=\"position: relative; z-index: 1; max-width: 500px;\"><h2 style=\"color: #ffffff; font-size: 2em; font-weight: 800; line-height: 1.2; margin: 0 0 15px 0;\">Simulez votre cr\u00e9dit immobilier en quelques clics<\/h2><p style=\"color: #ffffff; font-size: 1em; margin: 0 0 25px 0; opacity: 0.9;\">Obtenez imm\u00e9diatement une estimation adapt\u00e9e \u00e0 votre projet.<\/p><p><a style=\"display: inline-block; background-color: #cc0000; color: #ffffff; padding: 14px 28px; font-size: 1em; font-weight: bold; text-decoration: none; border-radius: 4px;\" href=\"VOTRE_LIEN_ICI\"><br \/>Simuler mon cr\u00e9dit<br \/><\/a><\/p><\/div><\/div>\t\t\t\t\t\t\t\t<\/div>\n\t\t\t\t<\/div>\n\t\t\t\t<\/div>\n\t\t<div class=\"elementor-element elementor-element-eaca7e2 e-grid e-con-full e-con e-parent\" data-id=\"eaca7e2\" data-element_type=\"container\" data-e-type=\"container\">\n\t\t\t\t<div class=\"elementor-element elementor-element-ee78892 elementor-widget elementor-widget-heading\" data-id=\"ee78892\" data-element_type=\"widget\" data-e-type=\"widget\" data-widget_type=\"heading.default\">\n\t\t\t\t\t<h2 class=\"elementor-heading-title elementor-size-default\"><span data-metadata=\"&lt;!--(figmeta)eyJmaWxlS2V5IjoiRmc5d05ySmhjOHdjZ2dyWGFrMHo5RyIsInBhc3RlSUQiOjE0NzAyNjk0MTgsImRhdGFUeXBlIjoic2NlbmUifQo=(\/figmeta)--&gt;\"><\/span><b>\n\nTF Bank vous accompagne pour r\u00e9aliser tous vos besoins<\/b><\/h2>\t\t\t\t<\/div>\n\t\t<div class=\"elementor-element elementor-element-a960a1e e-grid e-con-full e-con e-child\" data-id=\"a960a1e\" data-element_type=\"container\" data-e-type=\"container\">\n\t\t\t\t<div class=\"elementor-element elementor-element-233effc elementor-position-top elementor-widget elementor-widget-image-box\" data-id=\"233effc\" data-element_type=\"widget\" data-e-type=\"widget\" data-widget_type=\"image-box.default\">\n\t\t\t\t\t<div class=\"elementor-image-box-wrapper\"><figure class=\"elementor-image-box-img\"><img decoding=\"async\" width=\"55\" height=\"55\" src=\"https:\/\/tfbank.dotit.fr\/wp-content\/uploads\/2026\/03\/iconsax-enhance-user-ai.png\" class=\"attachment-full size-full wp-image-93\" alt=\"\" \/><\/figure><div class=\"elementor-image-box-content\"><div class=\"elementor-image-box-title\">Au service des Tunisiens \u00e0 l\u2019\u00e9tranger depuis 1977.\n<\/div><p class=\"elementor-image-box-description\"><br>Des experts depuis 1977 pour<br>\naccompagner les tunisiens<br>\n\u00e0 l'\u00e9tranger.\n<\/p><\/div><\/div>\t\t\t\t<\/div>\n\t\t\t\t<div class=\"elementor-element elementor-element-cbca653 elementor-position-top elementor-widget elementor-widget-image-box\" data-id=\"cbca653\" data-element_type=\"widget\" data-e-type=\"widget\" data-widget_type=\"image-box.default\">\n\t\t\t\t\t<div class=\"elementor-image-box-wrapper\"><figure class=\"elementor-image-box-img\"><img decoding=\"async\" width=\"55\" height=\"55\" src=\"https:\/\/tfbank.dotit.fr\/wp-content\/uploads\/2026\/03\/iconsax-login-02.png\" class=\"attachment-full size-full wp-image-94\" alt=\"\" \/><\/figure><div class=\"elementor-image-box-content\"><h3 class=\"elementor-image-box-title\">Acc\u00e9dez \u00e0 votre compte, \u00e0 tout moment<\/h3><p class=\"elementor-image-box-description\">Suivez toutes vos op\u00e9rations<br>\nvia votre compte<br>\nen ligne.<\/p><\/div><\/div>\t\t\t\t<\/div>\n\t\t\t\t<div class=\"elementor-element elementor-element-007df09 elementor-position-top elementor-widget elementor-widget-image-box\" data-id=\"007df09\" data-element_type=\"widget\" data-e-type=\"widget\" data-widget_type=\"image-box.default\">\n\t\t\t\t\t<div class=\"elementor-image-box-wrapper\"><figure class=\"elementor-image-box-img\"><img decoding=\"async\" width=\"55\" height=\"55\" src=\"https:\/\/tfbank.dotit.fr\/wp-content\/uploads\/2026\/03\/iconsax-monitor-mobile.png\" class=\"attachment-full size-full wp-image-95\" alt=\"\" \/><\/figure><div class=\"elementor-image-box-content\"><h3 class=\"elementor-image-box-title\">Des solutions adapt\u00e9es \u00e0 vos besoins<\/h3><p class=\"elementor-image-box-description\">Un service personnalis\u00e9 et<br>\ndes offres adapt\u00e9s \u00e0<br>\nvotre situation<\/p><\/div><\/div>\t\t\t\t<\/div>\n\t\t\t\t<div class=\"elementor-element elementor-element-6834e3b elementor-position-top elementor-widget elementor-widget-image-box\" data-id=\"6834e3b\" data-element_type=\"widget\" data-e-type=\"widget\" data-widget_type=\"image-box.default\">\n\t\t\t\t\t<div class=\"elementor-image-box-wrapper\"><figure class=\"elementor-image-box-img\"><img loading=\"lazy\" decoding=\"async\" width=\"55\" height=\"55\" src=\"https:\/\/tfbank.dotit.fr\/wp-content\/uploads\/2026\/03\/Clip-path-group.png\" class=\"attachment-full size-full wp-image-96\" alt=\"\" \/><\/figure><div class=\"elementor-image-box-content\"><h3 class=\"elementor-image-box-title\">Un r\u00e9seau d\u2019agences proche de vous<\/h3><p class=\"elementor-image-box-description\">Quatre agences en France<br>\net une succursale offshore<br>\n\u00e0 Tunis<\/p><\/div><\/div>\t\t\t\t<\/div>\n\t\t\t\t<\/div>\n\t\t\t\t<\/div>\n\t\t<div class=\"elementor-element elementor-element-41d9597 e-flex e-con-boxed e-con e-parent\" data-id=\"41d9597\" data-element_type=\"container\" data-e-type=\"container\">\n\t\t\t\t\t<div class=\"e-con-inner\">\n\t\t\t\t<div class=\"elementor-element elementor-element-4ce0124 elementor-widget elementor-widget-shortcode\" data-id=\"4ce0124\" data-element_type=\"widget\" data-e-type=\"widget\" data-widget_type=\"shortcode.default\">\n\t\t\t\t\t\t\t<div class=\"elementor-shortcode\">[tf_bank_advantages]<\/div>\n\t\t\t\t\t\t<\/div>\n\t\t\t\t\t<\/div>\n\t\t\t\t<\/div>\n\t\t<div class=\"elementor-element elementor-element-f6c99b0 e-flex e-con-boxed e-con e-parent\" data-id=\"f6c99b0\" data-element_type=\"container\" data-e-type=\"container\">\n\t\t\t\t\t<div class=\"e-con-inner\">\n\t\t<div class=\"elementor-element elementor-element-f624cde e-con-full e-flex e-con e-child\" data-id=\"f624cde\" data-element_type=\"container\" data-e-type=\"container\">\n\t\t\t\t<div class=\"elementor-element elementor-element-5db9734 elementor-widget elementor-widget-text-editor\" data-id=\"5db9734\" data-element_type=\"widget\" data-e-type=\"widget\" data-widget_type=\"text-editor.default\">\n\t\t\t\t\t\t\t\t\t<p><strong><span class=\"rouge\" style=\"font-size: 1rem;\">DARI<\/span><span style=\"font-size: 1rem;\"> FI TOUNES &#8230;<\/span><\/strong><\/p><div class=\"titre-personnalise\"><strong>votre pr\u00eat immobilier<\/strong><br \/><strong>sur mesure<\/strong><\/div><p><style>\n        body {<br \/>            \/* Marge pour a\u00e9rer un peu l'affichage sur la page *\/<br \/>            padding: 20px;<br \/>        }<\/p>\n<p>        .titre-personnalise {<br \/>            font-family: Arial, Helvetica, sans-serif;<br \/>            font-size: 36px; \/* Vous pouvez ajuster cette taille *\/<br \/>            font-weight: bold;<br \/>            color: black; \/* Tout le texte est noir par d\u00e9faut *\/<br \/>            line-height: 1.3;<br \/>        }<\/p>\n<p>        .rouge {<br \/>            color: #D30000; \/* Applique le rouge uniquement sur l'\u00e9l\u00e9ment cibl\u00e9 *\/<br \/>        }<br \/>    <\/style><\/p>\t\t\t\t\t\t\t\t<\/div>\n\t\t\t\t<div class=\"elementor-element elementor-element-61e414c elementor-widget elementor-widget-text-editor\" data-id=\"61e414c\" data-element_type=\"widget\" data-e-type=\"widget\" data-widget_type=\"text-editor.default\">\n\t\t\t\t\t\t\t\t\t<p>Pour l\u2019acquisition d\u2019un logement ou d\u2019un terrain en Tunisie, la TFBank offre \u00e0 la Diaspora la solution unique Pr\u00eat DARI FI TOUNES \u00e0 des conditions exceptionnelles.<\/p>\t\t\t\t\t\t\t\t<\/div>\n\t\t\t\t<div class=\"elementor-element elementor-element-5096738 elementor-widget elementor-widget-button\" data-id=\"5096738\" data-element_type=\"widget\" data-e-type=\"widget\" data-widget_type=\"button.default\">\n\t\t\t\t\t\t\t\t\t\t<a class=\"elementor-button elementor-size-sm\" role=\"button\">\n\t\t\t\t\t\t<span class=\"elementor-button-content-wrapper\">\n\t\t\t\t\t\t<span class=\"elementor-button-icon\">\n\t\t\t\t<svg aria-hidden=\"true\" class=\"e-font-icon-svg e-fas-arrow-right\" viewBox=\"0 0 448 512\" xmlns=\"http:\/\/www.w3.org\/2000\/svg\"><path d=\"M190.5 66.9l22.2-22.2c9.4-9.4 24.6-9.4 33.9 0L441 239c9.4 9.4 9.4 24.6 0 33.9L246.6 467.3c-9.4 9.4-24.6 9.4-33.9 0l-22.2-22.2c-9.5-9.5-9.3-25 .4-34.3L311.4 296H24c-13.3 0-24-10.7-24-24v-32c0-13.3 10.7-24 24-24h287.4L190.9 101.2c-9.8-9.3-10-24.8-.4-34.3z\"><\/path><\/svg>\t\t\t<\/span>\n\t\t\t\t\t\t\t\t\t<span class=\"elementor-button-text\">D\u00e9couvrir les offres et les avantages<\/span>\n\t\t\t\t\t<\/span>\n\t\t\t\t\t<\/a>\n\t\t\t\t\t\t\t\t<\/div>\n\t\t\t\t<div class=\"elementor-element elementor-element-29fd52b elementor-widget elementor-widget-button\" data-id=\"29fd52b\" data-element_type=\"widget\" data-e-type=\"widget\" data-widget_type=\"button.default\">\n\t\t\t\t\t\t\t\t\t\t<a class=\"elementor-button elementor-size-sm\" role=\"button\">\n\t\t\t\t\t\t<span class=\"elementor-button-content-wrapper\">\n\t\t\t\t\t\t\t\t\t<span class=\"elementor-button-text\">Simuler mon cr\u00e9dit immobilier<\/span>\n\t\t\t\t\t<\/span>\n\t\t\t\t\t<\/a>\n\t\t\t\t\t\t\t\t<\/div>\n\t\t\t\t<\/div>\n\t\t<div class=\"elementor-element elementor-element-8e7a38d e-con-full e-flex e-con e-child\" data-id=\"8e7a38d\" data-element_type=\"container\" data-e-type=\"container\">\n\t\t\t\t<div class=\"elementor-element elementor-element-86c1d22 elementor-widget elementor-widget-image\" data-id=\"86c1d22\" data-element_type=\"widget\" data-e-type=\"widget\" data-widget_type=\"image.default\">\n\t\t\t\t\t\t\t\t\t\t\t\t\t\t\t<img loading=\"lazy\" decoding=\"async\" width=\"595\" height=\"577\" src=\"https:\/\/tfbank.dotit.fr\/wp-content\/uploads\/2026\/03\/Mask-group.png\" class=\"attachment-medium_large size-medium_large wp-image-136\" alt=\"\" \/>\t\t\t\t\t\t\t\t\t\t\t\t\t\t\t<\/div>\n\t\t\t\t<\/div>\n\t\t\t\t\t<\/div>\n\t\t\t\t<\/div>\n\t\t<div class=\"elementor-element elementor-element-9d88fea e-flex e-con-boxed e-con e-parent\" data-id=\"9d88fea\" data-element_type=\"container\" data-e-type=\"container\">\n\t\t\t\t\t<div class=\"e-con-inner\">\n\t\t\t\t<div class=\"elementor-element elementor-element-ed11afe elementor-widget elementor-widget-shortcode\" data-id=\"ed11afe\" data-element_type=\"widget\" data-e-type=\"widget\" data-widget_type=\"shortcode.default\">\n\t\t\t\t\t\t\t<div class=\"elementor-shortcode\">[why_choose_tfbank]<\/div>\n\t\t\t\t\t\t<\/div>\n\t\t\t\t\t<\/div>\n\t\t\t\t<\/div>\n\t\t<div class=\"elementor-element elementor-element-63b8e67 e-flex e-con-boxed e-con e-parent\" data-id=\"63b8e67\" data-element_type=\"container\" data-e-type=\"container\">\n\t\t\t\t\t<div class=\"e-con-inner\">\n\t\t<div class=\"elementor-element elementor-element-ca9ede7 e-con-full e-flex e-con e-child\" data-id=\"ca9ede7\" data-element_type=\"container\" data-e-type=\"container\" data-settings=\"{&quot;background_background&quot;:&quot;classic&quot;}\">\n\t\t<div class=\"elementor-element elementor-element-2862484 e-con-full e-flex e-con e-child\" data-id=\"2862484\" data-element_type=\"container\" data-e-type=\"container\">\n\t\t\t\t<div class=\"elementor-element elementor-element-7d7d55c elementor-widget__width-inherit elementor-widget elementor-widget-html\" data-id=\"7d7d55c\" data-element_type=\"widget\" data-e-type=\"widget\" data-widget_type=\"html.default\">\n\t\t\t\t\t<!-- Coller dans un bloc HTML personnalis\u00e9 -->\n<style>\n@import url('https:\/\/fonts.googleapis.com\/css2?family=Montserrat:wght@400;600;700;800&display=swap');\n\n.tf-panel {\nmin-height: 500px;\n  color: #fff;\n  justify-content: center;\n  padding: 48px 40px;\n  max-width: 660px;\n  width: 100%;\n  height: 100%;\n  font-family: 'Montserrat', sans-serif;\n}\n.tf-panel h2 {\n  font-size: 26px;\n  font-weight: 800;\n  line-height: 1.25;\n  margin-bottom: 16px;\n}\n.tf-panel p {\n  font-size: 12.5px;\n  line-height: 1.6;\n  opacity: 0.92;\n  margin-bottom: 22px;\n}\n.tf-contact {\n  display: inline-flex;\n  align-items: center;\n  gap: 8px;\n  font-size: 13px;\n  font-weight: 600;\n  color: #fff;\n  text-decoration: underline;\n  text-underline-offset: 3px;\n  margin-bottom: 36px;\n  cursor: pointer;\n}\n.tf-buttons {\n  display: flex;\n  flex-direction: column;\n  gap: 14px;\n}\n.tf-btn {\n  display: flex;\n  align-items: center;\n  justify-content: space-between;\n  background: #fff;\n  color: #111;\n  border: none;\n  padding: 16px 20px;\n  font-family: 'Montserrat', sans-serif;\n  font-size: 13.5px;\n  font-weight: 600;\n  cursor: pointer;\n  transition: background 0.2s, color 0.2s;\n  width: 100%;\n}\n.tf-btn:hover {\n  background: #222;\n  color: #fff;\n}\n<\/style>\n\n<div class=\"tf-panel\">\n  <h2>Quatre agences en France et une succursale offshore \u00e0 Tunis<\/h2>\n  <p>Pour assurer un accompagnement de proximit\u00e9 et un service efficace \u00e0 nos clients, o\u00f9 qu'ils se trouvent.<\/p>\n  <a class=\"tf-contact\">Contactez-nous \u2192<\/a>\n  <div class=\"tf-buttons\">\n    <button class=\"tf-btn\">S\u00e9lectionner une agence <span>\u203a<\/span><\/button>\n    <button class=\"tf-btn\">Me Localiser <span>\u203a<\/span><\/button>\n  <\/div>\n<\/div>\t\t\t\t<\/div>\n\t\t\t\t<\/div>\n\t\t\t\t<\/div>\n\t\t<div class=\"elementor-element elementor-element-d26822c e-con-full e-flex e-con e-child\" data-id=\"d26822c\" data-element_type=\"container\" data-e-type=\"container\">\n\t\t\t\t<div class=\"elementor-element elementor-element-ed1ac71 elementor-widget elementor-widget-image\" data-id=\"ed1ac71\" data-element_type=\"widget\" data-e-type=\"widget\" data-widget_type=\"image.default\">\n\t\t\t\t\t\t\t\t\t\t\t\t\t\t\t<img loading=\"lazy\" decoding=\"async\" width=\"598\" height=\"577\" src=\"https:\/\/tfbank.dotit.fr\/wp-content\/uploads\/2026\/03\/Group-111.png\" class=\"attachment-large size-large wp-image-260\" alt=\"\" \/>\t\t\t\t\t\t\t\t\t\t\t\t\t\t\t<\/div>\n\t\t\t\t<\/div>\n\t\t\t\t\t<\/div>\n\t\t\t\t<\/div>\n\t\t<div class=\"elementor-element elementor-element-1e577df e-flex e-con-boxed e-con e-parent\" data-id=\"1e577df\" data-element_type=\"container\" data-e-type=\"container\">\n\t\t\t\t\t<div class=\"e-con-inner\">\n\t\t\t\t\t<\/div>\n\t\t\t\t<\/div>\n\t\t<div class=\"elementor-element elementor-element-a1d3e8e e-flex e-con-boxed e-con e-parent\" data-id=\"a1d3e8e\" data-element_type=\"container\" data-e-type=\"container\">\n\t\t\t\t\t<div class=\"e-con-inner\">\n\t\t\t\t<div class=\"elementor-element elementor-element-5b18942 elementor-widget elementor-widget-shortcode\" data-id=\"5b18942\" data-element_type=\"widget\" data-e-type=\"widget\" data-widget_type=\"shortcode.default\">\n\t\t\t\t\t\t\t<div class=\"elementor-shortcode\">[financial_tools]<\/div>\n\t\t\t\t\t\t<\/div>\n\t\t\t\t\t<\/div>\n\t\t\t\t<\/div>\n\t\t<div class=\"elementor-element elementor-element-ff1c75c e-flex e-con-boxed e-con e-parent\" data-id=\"ff1c75c\" data-element_type=\"container\" data-e-type=\"container\">\n\t\t\t\t\t<div class=\"e-con-inner\">\n\t\t\t\t<div class=\"elementor-element elementor-element-872a068 elementor-widget elementor-widget-shortcode\" data-id=\"872a068\" data-element_type=\"widget\" data-e-type=\"widget\" data-widget_type=\"shortcode.default\">\n\t\t\t\t\t\t\t<div class=\"elementor-shortcode\">[specific_need_section]<\/div>\n\t\t\t\t\t\t<\/div>\n\t\t\t\t\t<\/div>\n\t\t\t\t<\/div>\n\t\t<div class=\"elementor-element elementor-element-6c889a5 e-flex e-con-boxed e-con e-parent\" data-id=\"6c889a5\" data-element_type=\"container\" data-e-type=\"container\">\n\t\t\t\t\t<div class=\"e-con-inner\">\n\t\t\t\t<div class=\"elementor-element elementor-element-1dfa417 elementor-widget elementor-widget-shortcode\" data-id=\"1dfa417\" data-element_type=\"widget\" data-e-type=\"widget\" data-widget_type=\"shortcode.default\">\n\t\t\t\t\t\t\t<div class=\"elementor-shortcode\">[app_download_section]<\/div>\n\t\t\t\t\t\t<\/div>\n\t\t\t\t\t<\/div>\n\t\t\t\t<\/div>\n\t\t\t\t<\/div>\n\t\t","protected":false},"excerpt":{"rendered":"<p>\u00a0 Simulez votre cr\u00e9dit immobilier en quelques clics Obtenez imm\u00e9diatement une estimation adapt\u00e9e \u00e0 votre projet. Simuler mon cr\u00e9dit TF Bank vous accompagne pour r\u00e9aliser tous vos besoins Au service des Tunisiens \u00e0 l\u2019\u00e9tranger depuis 1977. Des experts depuis 1977 pour accompagner les tunisiens \u00e0 l&#8217;\u00e9tranger. Acc\u00e9dez \u00e0 votre compte, \u00e0 tout moment Suivez toutes [&hellip;]<\/p>\n","protected":false},"author":1,"featured_media":0,"parent":0,"menu_order":0,"comment_status":"closed","ping_status":"closed","template":"","meta":{"footnotes":""},"class_list":["post-15","page","type-page","status-publish","hentry"],"_links":{"self":[{"href":"https:\/\/tfbank.dotit.fr\/index.php\/wp-json\/wp\/v2\/pages\/15","targetHints":{"allow":["GET"]}}],"collection":[{"href":"https:\/\/tfbank.dotit.fr\/index.php\/wp-json\/wp\/v2\/pages"}],"about":[{"href":"https:\/\/tfbank.dotit.fr\/index.php\/wp-json\/wp\/v2\/types\/page"}],"author":[{"embeddable":true,"href":"https:\/\/tfbank.dotit.fr\/index.php\/wp-json\/wp\/v2\/users\/1"}],"replies":[{"embeddable":true,"href":"https:\/\/tfbank.dotit.fr\/index.php\/wp-json\/wp\/v2\/comments?post=15"}],"version-history":[{"count":229,"href":"https:\/\/tfbank.dotit.fr\/index.php\/wp-json\/wp\/v2\/pages\/15\/revisions"}],"predecessor-version":[{"id":722,"href":"https:\/\/tfbank.dotit.fr\/index.php\/wp-json\/wp\/v2\/pages\/15\/revisions\/722"}],"wp:attachment":[{"href":"https:\/\/tfbank.dotit.fr\/index.php\/wp-json\/wp\/v2\/media?parent=15"}],"curies":[{"name":"wp","href":"https:\/\/api.w.org\/{rel}","templated":true}]}}